{"id":79,"date":"2020-05-16T19:43:02","date_gmt":"2020-05-16T19:43:02","guid":{"rendered":"http:\/\/f4iiy.blon.net\/?page_id=79"},"modified":"2022-01-25T22:55:58","modified_gmt":"2022-01-25T22:55:58","slug":"ma-station-temporaire","status":"publish","type":"page","link":"https:\/\/f4iiy.blon.net\/index.php\/ma-station-temporaire\/","title":{"rendered":"Ma station"},"content":{"rendered":"\n<p class=\"has-medium-font-size\"><span style=\"text-decoration: underline;\"><strong>V<em>HF \/ UHF<\/em><\/strong> :<\/span><\/p>\n\n\n\n<p>La partie VHF \/ UHF est la seul op\u00e9rationnelle \u00e0 ce jour. Pour les TX on y trouve 2 Yaesu FTM-3200 (VHF) et FTM-3207 (UHF) qui sont deux postes mono-bandes FM\/C4FM et un Motorola GM950<\/p>\n\n\n\n<figure class=\"wp-block-gallery columns-2 is-cropped wp-block-gallery-1 is-layout-flex wp-block-gallery-is-layout-flex\"><ul class=\"blocks-gallery-grid\"><li class=\"blocks-gallery-item\"><figure><img loading=\"lazy\" decoding=\"async\" width=\"1024\" height=\"768\" src=\"http:\/\/f4iiy.blon.net\/wp-content\/uploads\/2020\/05\/IMG_20200514_190538-1024x768.jpg\" alt=\"\" data-id=\"81\" data-full-url=\"http:\/\/f4iiy.blon.net\/wp-content\/uploads\/2020\/05\/IMG_20200514_190538-scaled.jpg\" data-link=\"http:\/\/f4iiy.blon.net\/?attachment_id=81\" class=\"wp-image-81\" srcset=\"https:\/\/f4iiy.blon.net\/wp-content\/uploads\/2020\/05\/IMG_20200514_190538-1024x768.jpg 1024w, https:\/\/f4iiy.blon.net\/wp-content\/uploads\/2020\/05\/IMG_20200514_190538-300x225.jpg 300w, https:\/\/f4iiy.blon.net\/wp-content\/uploads\/2020\/05\/IMG_20200514_190538-768x576.jpg 768w, https:\/\/f4iiy.blon.net\/wp-content\/uploads\/2020\/05\/IMG_20200514_190538-1536x1152.jpg 1536w, https:\/\/f4iiy.blon.net\/wp-content\/uploads\/2020\/05\/IMG_20200514_190538-2048x1536.jpg 2048w, https:\/\/f4iiy.blon.net\/wp-content\/uploads\/2020\/05\/IMG_20200514_190538-360x270.jpg 360w\" sizes=\"auto, (max-width: 1024px) 100vw, 1024px\" \/><figcaption class=\"blocks-gallery-item__caption\">Les jumeaux FTM-3200 et FTM-3207<\/figcaption><\/figure><\/li><li class=\"blocks-gallery-item\"><figure><img loading=\"lazy\" decoding=\"async\" width=\"1024\" height=\"468\" src=\"http:\/\/f4iiy.blon.net\/wp-content\/uploads\/2020\/05\/IMG_20200514_170403-1-1024x468.jpg\" alt=\"Motorola GM950\" data-id=\"77\" data-full-url=\"http:\/\/f4iiy.blon.net\/wp-content\/uploads\/2020\/05\/IMG_20200514_170403-1-scaled-e1589470357744.jpg\" data-link=\"http:\/\/f4iiy.blon.net\/index.php\/2020\/05\/14\/le-motorola-gm950-uhf\/img_20200514_170403-2\/\" class=\"wp-image-77\"\/><figcaption class=\"blocks-gallery-item__caption\">Motorola GM950<\/figcaption><\/figure><\/li><\/ul><\/figure>\n\n\n\n<p>Il sont coupl\u00e9s \u00e0 la Diamond X300 via un Diplexeur Diamond MX-72A<\/p>\n\n\n\n<p class=\"has-medium-font-size\"><span style=\"text-decoration: underline;\"><strong><em>D\u00e9cam\u00e9trique<\/em><\/strong><\/span><span style=\"text-decoration: underline;\"><\/span><\/p>\n\n\n\n<p><em>Bandes 10 et 12m<\/em> :<\/p>\n\n\n\n<p>J&rsquo;utilise un RCI 2970N2 qui fait 10 et 12m, malheureusement la Sirio GainMaster n&rsquo;est pas utilisable sur le 12m sans boite d&rsquo;accord<\/p>\n\n\n\n<figure class=\"wp-block-image size-large\"><img loading=\"lazy\" decoding=\"async\" width=\"1024\" height=\"768\" src=\"http:\/\/f4iiy.blon.net\/wp-content\/uploads\/2020\/05\/IMG_20200514_170447-1024x768.jpg\" alt=\"\" class=\"wp-image-80\" srcset=\"https:\/\/f4iiy.blon.net\/wp-content\/uploads\/2020\/05\/IMG_20200514_170447-1024x768.jpg 1024w, https:\/\/f4iiy.blon.net\/wp-content\/uploads\/2020\/05\/IMG_20200514_170447-300x225.jpg 300w, https:\/\/f4iiy.blon.net\/wp-content\/uploads\/2020\/05\/IMG_20200514_170447-768x576.jpg 768w, https:\/\/f4iiy.blon.net\/wp-content\/uploads\/2020\/05\/IMG_20200514_170447-1536x1152.jpg 1536w, https:\/\/f4iiy.blon.net\/wp-content\/uploads\/2020\/05\/IMG_20200514_170447-2048x1536.jpg 2048w, https:\/\/f4iiy.blon.net\/wp-content\/uploads\/2020\/05\/IMG_20200514_170447-360x270.jpg 360w\" sizes=\"auto, (max-width: 1024px) 100vw, 1024px\" \/><\/figure>\n","protected":false},"excerpt":{"rendered":"<p>VHF \/ UHF : La partie VHF \/ UHF est la seul op\u00e9rationnelle \u00e0 ce jour. Pour les TX on y trouve 2 Yaesu FTM-3200 (VHF) et FTM-3207 (UHF) qui sont deux postes mono-bandes FM\/C4FM et un Motorola GM950 Il sont coupl\u00e9s \u00e0 la Diamond X300 via un Diplexeur Diamond MX-72A D\u00e9cam\u00e9trique Bandes 10 et &hellip; <\/p>\n<p class=\"read-more\"><a class=\"btn btn-default\" href=\"https:\/\/f4iiy.blon.net\/index.php\/ma-station-temporaire\/\"> Read More<span class=\"screen-reader-text\">  Read More<\/span><\/a><\/p>\n","protected":false},"author":1,"featured_media":0,"parent":0,"menu_order":0,"comment_status":"closed","ping_status":"closed","template":"","meta":{"footnotes":""},"class_list":["post-79","page","type-page","status-publish","hentry"],"_links":{"self":[{"href":"https:\/\/f4iiy.blon.net\/index.php\/wp-json\/wp\/v2\/pages\/79","targetHints":{"allow":["GET"]}}],"collection":[{"href":"https:\/\/f4iiy.blon.net\/index.php\/wp-json\/wp\/v2\/pages"}],"about":[{"href":"https:\/\/f4iiy.blon.net\/index.php\/wp-json\/wp\/v2\/types\/page"}],"author":[{"embeddable":true,"href":"https:\/\/f4iiy.blon.net\/index.php\/wp-json\/wp\/v2\/users\/1"}],"replies":[{"embeddable":true,"href":"https:\/\/f4iiy.blon.net\/index.php\/wp-json\/wp\/v2\/comments?post=79"}],"version-history":[{"count":2,"href":"https:\/\/f4iiy.blon.net\/index.php\/wp-json\/wp\/v2\/pages\/79\/revisions"}],"predecessor-version":[{"id":321,"href":"https:\/\/f4iiy.blon.net\/index.php\/wp-json\/wp\/v2\/pages\/79\/revisions\/321"}],"wp:attachment":[{"href":"https:\/\/f4iiy.blon.net\/index.php\/wp-json\/wp\/v2\/media?parent=79"}],"curies":[{"name":"wp","href":"https:\/\/api.w.org\/{rel}","templated":true}]}}